{"id":2258,"date":"2022-10-11T10:40:26","date_gmt":"2022-10-11T08:40:26","guid":{"rendered":"https:\/\/fabianpetzold.com\/?post_type=product&#038;p=2258"},"modified":"2022-11-10T11:44:28","modified_gmt":"2022-11-10T09:44:28","slug":"santa-claus-is-coming-to-town-klaviernoten-pdf-download","status":"publish","type":"product","link":"https:\/\/fabianpetzold.com\/?product=santa-claus-is-coming-to-town-klaviernoten-pdf-download","title":{"rendered":"Santa Claus Is Coming To Town &#8211; Klaviernoten [PDF Download]"},"content":{"rendered":"<p>Die Elfen haben am Nordpol hart gearbeitet und eine ihrer Lieblingsbesch\u00e4ftigungen ist das H\u00f6ren von Weihnachtsmusik. Als sie h\u00f6rten, dass es ein neues Klavierarrangement von &#8222;Santa Claus Is Coming To Town&#8220; gibt, waren sie absolut begeistert! Dieses lustige und festliche Lied bringt sicher jeden in Weihnachtsstimmung.<\/p>\n<p>Dieses Arrangement ist etwas anspruchsvoller als einige andere Weihnachtslieder, aber das macht es umso sch\u00f6ner zu spielen. Und als zus\u00e4tzlicher Bonus klingt es absolut fantastisch, wenn du es auf dem Klavier spielst. Glaub uns, deine Freunde und Familie werden beeindruckt sein!<\/p>\n<p>Wenn du also auf der Suche nach einer M\u00f6glichkeit bist, dich dieses Jahr in Weihnachtsstimmung zu bringen, solltest du dir unbedingt ein Exemplar von &#8222;Santa Claus Is Coming To Town&#8220; f\u00fcr dein Klavier besorgen. Es zaubert garantiert ein L\u00e4cheln auf dein Gesicht und bringt deine Zehen zum Mitwippen.<\/p>\n<p>Frohe Weihnachten!<\/p>\n","protected":false},"excerpt":{"rendered":"<p>Die Elfen haben am Nordpol hart gearbeitet und eine ihrer Lieblingsbesch\u00e4ftigungen ist das H\u00f6ren von Weihnachtsmusik. Als sie h\u00f6rten, dass es ein neues Klavierarrangement von &#8222;Santa Claus Is Coming To Town&#8220; gibt, waren sie absolut begeistert! Dieses lustige und festliche Lied bringt sicher jeden in Weihnachtsstimmung. Dieses Arrangement ist etwas anspruchsvoller als einige andere Weihnachtslieder, [&hellip;]<\/p>\n","protected":false},"featured_media":2260,"comment_status":"closed","ping_status":"closed","template":"","meta":[],"product_brand":[],"product_cat":[218],"product_tag":[],"class_list":{"0":"post-2258","1":"product","2":"type-product","3":"status-publish","4":"has-post-thumbnail","6":"product_cat-weihnachtsnoten","7":"post","9":"first","10":"instock","11":"sale","12":"downloadable","13":"virtual","14":"purchasable","15":"product-type-simple"},"_links":{"self":[{"href":"https:\/\/fabianpetzold.com\/index.php?rest_route=\/wp\/v2\/product\/2258","targetHints":{"allow":["GET"]}}],"collection":[{"href":"https:\/\/fabianpetzold.com\/index.php?rest_route=\/wp\/v2\/product"}],"about":[{"href":"https:\/\/fabianpetzold.com\/index.php?rest_route=\/wp\/v2\/types\/product"}],"replies":[{"embeddable":true,"href":"https:\/\/fabianpetzold.com\/index.php?rest_route=%2Fwp%2Fv2%2Fcomments&post=2258"}],"version-history":[{"count":0,"href":"https:\/\/fabianpetzold.com\/index.php?rest_route=\/wp\/v2\/product\/2258\/revisions"}],"wp:featuredmedia":[{"embeddable":true,"href":"https:\/\/fabianpetzold.com\/index.php?rest_route=\/wp\/v2\/media\/2260"}],"wp:attachment":[{"href":"https:\/\/fabianpetzold.com\/index.php?rest_route=%2Fwp%2Fv2%2Fmedia&parent=2258"}],"wp:term":[{"taxonomy":"product_brand","embeddable":true,"href":"https:\/\/fabianpetzold.com\/index.php?rest_route=%2Fwp%2Fv2%2Fproduct_brand&post=2258"},{"taxonomy":"product_cat","embeddable":true,"href":"https:\/\/fabianpetzold.com\/index.php?rest_route=%2Fwp%2Fv2%2Fproduct_cat&post=2258"},{"taxonomy":"product_tag","embeddable":true,"href":"https:\/\/fabianpetzold.com\/index.php?rest_route=%2Fwp%2Fv2%2Fproduct_tag&post=2258"}],"curies":[{"name":"wp","href":"https:\/\/api.w.org\/{rel}","templated":true}]}}