{"id":2265,"date":"2022-10-11T12:22:17","date_gmt":"2022-10-11T10:22:17","guid":{"rendered":"https:\/\/fabianpetzold.com\/?post_type=product&#038;p=2265"},"modified":"2022-10-18T08:26:41","modified_gmt":"2022-10-18T06:26:41","slug":"we-wish-you-a-merry-christmas-klaviernoten-pdf-download","status":"publish","type":"product","link":"https:\/\/fabianpetzold.com\/?product=we-wish-you-a-merry-christmas-klaviernoten-pdf-download","title":{"rendered":"We Wish You A Merry Christmas &#8211; Klaviernoten [PDF Download]"},"content":{"rendered":"<p>Die Weihnachtszeit steht vor der T\u00fcr und was gibt es Besseres, als sich auf die Feiertage einzustimmen, indem man ein paar festliche Melodien auf dem Klavier spielt? &#8222;We Wish You A Merry Christmas&#8220; ist eines der beliebtesten Weihnachtslieder und l\u00e4sst sich sehr leicht arrangieren. Dieses einfache Arrangement ist perfekt f\u00fcr Klavieranf\u00e4nger oder f\u00fcr alle, die einfach nur ein bisschen Weihnachtsmusik genie\u00dfen wollen, ohne viel Aufhebens zu machen. Also entstaube dein Keyboard und lass uns loslegen!<\/p>\n<p>&nbsp;<\/p>\n","protected":false},"excerpt":{"rendered":"<p>Die Weihnachtszeit steht vor der T\u00fcr und was gibt es Besseres, als sich auf die Feiertage einzustimmen, indem man ein paar festliche Melodien auf dem Klavier spielt? &#8222;We Wish You A Merry Christmas&#8220; ist eines der beliebtesten Weihnachtslieder und l\u00e4sst sich sehr leicht arrangieren. Dieses einfache Arrangement ist perfekt f\u00fcr Klavieranf\u00e4nger oder f\u00fcr alle, die [&hellip;]<\/p>\n","protected":false},"featured_media":2268,"comment_status":"closed","ping_status":"closed","template":"","meta":[],"product_brand":[],"product_cat":[218],"product_tag":[],"class_list":{"0":"post-2265","1":"product","2":"type-product","3":"status-publish","4":"has-post-thumbnail","6":"product_cat-weihnachtsnoten","7":"post","9":"first","10":"instock","11":"sale","12":"downloadable","13":"virtual","14":"purchasable","15":"product-type-simple"},"_links":{"self":[{"href":"https:\/\/fabianpetzold.com\/index.php?rest_route=\/wp\/v2\/product\/2265","targetHints":{"allow":["GET"]}}],"collection":[{"href":"https:\/\/fabianpetzold.com\/index.php?rest_route=\/wp\/v2\/product"}],"about":[{"href":"https:\/\/fabianpetzold.com\/index.php?rest_route=\/wp\/v2\/types\/product"}],"replies":[{"embeddable":true,"href":"https:\/\/fabianpetzold.com\/index.php?rest_route=%2Fwp%2Fv2%2Fcomments&post=2265"}],"version-history":[{"count":0,"href":"https:\/\/fabianpetzold.com\/index.php?rest_route=\/wp\/v2\/product\/2265\/revisions"}],"wp:featuredmedia":[{"embeddable":true,"href":"https:\/\/fabianpetzold.com\/index.php?rest_route=\/wp\/v2\/media\/2268"}],"wp:attachment":[{"href":"https:\/\/fabianpetzold.com\/index.php?rest_route=%2Fwp%2Fv2%2Fmedia&parent=2265"}],"wp:term":[{"taxonomy":"product_brand","embeddable":true,"href":"https:\/\/fabianpetzold.com\/index.php?rest_route=%2Fwp%2Fv2%2Fproduct_brand&post=2265"},{"taxonomy":"product_cat","embeddable":true,"href":"https:\/\/fabianpetzold.com\/index.php?rest_route=%2Fwp%2Fv2%2Fproduct_cat&post=2265"},{"taxonomy":"product_tag","embeddable":true,"href":"https:\/\/fabianpetzold.com\/index.php?rest_route=%2Fwp%2Fv2%2Fproduct_tag&post=2265"}],"curies":[{"name":"wp","href":"https:\/\/api.w.org\/{rel}","templated":true}]}}