{"id":2284,"date":"2022-10-18T09:51:24","date_gmt":"2022-10-18T07:51:24","guid":{"rendered":"https:\/\/fabianpetzold.com\/?post_type=product&#038;p=2284"},"modified":"2022-10-18T10:00:40","modified_gmt":"2022-10-18T08:00:40","slug":"o-holy-night-klaviernoten-pdf-download","status":"publish","type":"product","link":"https:\/\/fabianpetzold.com\/?product=o-holy-night-klaviernoten-pdf-download","title":{"rendered":"O Holy Night &#8211; Klaviernoten [PDF Download]"},"content":{"rendered":"<p>Weihnachten ist die Zeit der Familie, der Freunde und der liebgewonnenen Traditionen. O Holy Night hilft dir, den Geist der Weihnacht lebendig zu halten, indem es wundersch\u00f6ne Klaviernoten f\u00fcr eines der beliebtesten Weihnachtslieder aller Zeiten bietet. Dieses Arrangement ist perfekt f\u00fcr fortgeschrittene Pianisten und f\u00e4ngt die Essenz der geliebten Weihnachtsgeschichte ein. Wenn du dieses klassische Weihnachtslied spielst, wirst du die Freude und das Gl\u00fcck sp\u00fcren, die mit dieser besonderen Zeit des Jahres einhergehen. Bringe mit &#8222;O Holy Night&#8220; Freude in dein Zuhause.<\/p>\n<p>&nbsp;<\/p>\n","protected":false},"excerpt":{"rendered":"<p>Weihnachten ist die Zeit der Familie, der Freunde und der liebgewonnenen Traditionen. O Holy Night hilft dir, den Geist der Weihnacht lebendig zu halten, indem es wundersch\u00f6ne Klaviernoten f\u00fcr eines der beliebtesten Weihnachtslieder aller Zeiten bietet. Dieses Arrangement ist perfekt f\u00fcr fortgeschrittene Pianisten und f\u00e4ngt die Essenz der geliebten Weihnachtsgeschichte ein. Wenn du dieses klassische [&hellip;]<\/p>\n","protected":false},"featured_media":2286,"comment_status":"closed","ping_status":"closed","template":"","meta":[],"product_brand":[],"product_cat":[218],"product_tag":[],"class_list":{"0":"post-2284","1":"product","2":"type-product","3":"status-publish","4":"has-post-thumbnail","6":"product_cat-weihnachtsnoten","7":"post","9":"first","10":"instock","11":"sale","12":"downloadable","13":"virtual","14":"purchasable","15":"product-type-simple"},"_links":{"self":[{"href":"https:\/\/fabianpetzold.com\/index.php?rest_route=\/wp\/v2\/product\/2284","targetHints":{"allow":["GET"]}}],"collection":[{"href":"https:\/\/fabianpetzold.com\/index.php?rest_route=\/wp\/v2\/product"}],"about":[{"href":"https:\/\/fabianpetzold.com\/index.php?rest_route=\/wp\/v2\/types\/product"}],"replies":[{"embeddable":true,"href":"https:\/\/fabianpetzold.com\/index.php?rest_route=%2Fwp%2Fv2%2Fcomments&post=2284"}],"version-history":[{"count":0,"href":"https:\/\/fabianpetzold.com\/index.php?rest_route=\/wp\/v2\/product\/2284\/revisions"}],"wp:featuredmedia":[{"embeddable":true,"href":"https:\/\/fabianpetzold.com\/index.php?rest_route=\/wp\/v2\/media\/2286"}],"wp:attachment":[{"href":"https:\/\/fabianpetzold.com\/index.php?rest_route=%2Fwp%2Fv2%2Fmedia&parent=2284"}],"wp:term":[{"taxonomy":"product_brand","embeddable":true,"href":"https:\/\/fabianpetzold.com\/index.php?rest_route=%2Fwp%2Fv2%2Fproduct_brand&post=2284"},{"taxonomy":"product_cat","embeddable":true,"href":"https:\/\/fabianpetzold.com\/index.php?rest_route=%2Fwp%2Fv2%2Fproduct_cat&post=2284"},{"taxonomy":"product_tag","embeddable":true,"href":"https:\/\/fabianpetzold.com\/index.php?rest_route=%2Fwp%2Fv2%2Fproduct_tag&post=2284"}],"curies":[{"name":"wp","href":"https:\/\/api.w.org\/{rel}","templated":true}]}}