{"id":2287,"date":"2022-10-18T10:02:13","date_gmt":"2022-10-18T08:02:13","guid":{"rendered":"https:\/\/fabianpetzold.com\/?post_type=product&#038;p=2287"},"modified":"2022-10-18T10:06:00","modified_gmt":"2022-10-18T08:06:00","slug":"stille-nacht-klaviernoten-pdf-download","status":"publish","type":"product","link":"https:\/\/fabianpetzold.com\/?product=stille-nacht-klaviernoten-pdf-download","title":{"rendered":"Stille Nacht &#8211; Klaviernoten [PDF Download]"},"content":{"rendered":"<p>Da die Weihnachtszeit immer n\u00e4her r\u00fcckt, ist es jetzt an der Zeit, deine Playlist f\u00fcr die Feiertage zu ordnen! Und wie k\u00f6nnte man sich besser auf das Fest einstimmen als mit ein paar guten, altmodischen Weihnachtsliedern? Wir haben genau das Richtige f\u00fcr dich &#8211; Stille Nacht, Klaviernoten in der Tonart Bb-Dur.<\/p>\n<p>Diese wundersch\u00f6ne Interpretation des klassischen Weihnachtsliedes ist perfekt f\u00fcr fortgeschrittene Sch\u00fcler, die ihr Repertoire um ein bisschen Weihnachtsstimmung erweitern wollen. Die Melodie ist so einfach wie atemberaubend und eignet sich perfekt f\u00fcr Momente, in denen du dich zur\u00fccklehnen und den Weihnachtszauber genie\u00dfen m\u00f6chtest.<\/p>\n<p>Warum also warten? Hol dir die &#8222;Stille Nacht&#8220; als Klavierpartitur noch heute und lass den festlichen Spa\u00df beginnen!<\/p>\n<p>&nbsp;<\/p>\n","protected":false},"excerpt":{"rendered":"<p>Da die Weihnachtszeit immer n\u00e4her r\u00fcckt, ist es jetzt an der Zeit, deine Playlist f\u00fcr die Feiertage zu ordnen! Und wie k\u00f6nnte man sich besser auf das Fest einstimmen als mit ein paar guten, altmodischen Weihnachtsliedern? Wir haben genau das Richtige f\u00fcr dich &#8211; Stille Nacht, Klaviernoten in der Tonart Bb-Dur. Diese wundersch\u00f6ne Interpretation des [&hellip;]<\/p>\n","protected":false},"featured_media":2289,"comment_status":"closed","ping_status":"closed","template":"","meta":[],"product_brand":[],"product_cat":[218],"product_tag":[],"class_list":{"0":"post-2287","1":"product","2":"type-product","3":"status-publish","4":"has-post-thumbnail","6":"product_cat-weihnachtsnoten","7":"post","9":"first","10":"instock","11":"sale","12":"downloadable","13":"virtual","14":"purchasable","15":"product-type-simple"},"_links":{"self":[{"href":"https:\/\/fabianpetzold.com\/index.php?rest_route=\/wp\/v2\/product\/2287","targetHints":{"allow":["GET"]}}],"collection":[{"href":"https:\/\/fabianpetzold.com\/index.php?rest_route=\/wp\/v2\/product"}],"about":[{"href":"https:\/\/fabianpetzold.com\/index.php?rest_route=\/wp\/v2\/types\/product"}],"replies":[{"embeddable":true,"href":"https:\/\/fabianpetzold.com\/index.php?rest_route=%2Fwp%2Fv2%2Fcomments&post=2287"}],"version-history":[{"count":0,"href":"https:\/\/fabianpetzold.com\/index.php?rest_route=\/wp\/v2\/product\/2287\/revisions"}],"wp:featuredmedia":[{"embeddable":true,"href":"https:\/\/fabianpetzold.com\/index.php?rest_route=\/wp\/v2\/media\/2289"}],"wp:attachment":[{"href":"https:\/\/fabianpetzold.com\/index.php?rest_route=%2Fwp%2Fv2%2Fmedia&parent=2287"}],"wp:term":[{"taxonomy":"product_brand","embeddable":true,"href":"https:\/\/fabianpetzold.com\/index.php?rest_route=%2Fwp%2Fv2%2Fproduct_brand&post=2287"},{"taxonomy":"product_cat","embeddable":true,"href":"https:\/\/fabianpetzold.com\/index.php?rest_route=%2Fwp%2Fv2%2Fproduct_cat&post=2287"},{"taxonomy":"product_tag","embeddable":true,"href":"https:\/\/fabianpetzold.com\/index.php?rest_route=%2Fwp%2Fv2%2Fproduct_tag&post=2287"}],"curies":[{"name":"wp","href":"https:\/\/api.w.org\/{rel}","templated":true}]}}