{"id":2297,"date":"2022-10-22T13:50:05","date_gmt":"2022-10-22T11:50:05","guid":{"rendered":"https:\/\/fabianpetzold.com\/?post_type=product&#038;p=2297"},"modified":"2022-10-22T13:51:24","modified_gmt":"2022-10-22T11:51:24","slug":"feliz-navidad-klaviernoten-pdf-download","status":"publish","type":"product","link":"https:\/\/fabianpetzold.com\/?product=feliz-navidad-klaviernoten-pdf-download","title":{"rendered":"Feliz Navidad &#8211; Klaviernoten [PDF Download]"},"content":{"rendered":"<p>Wenn du auf der Suche nach anspruchsvoller und festlicher Weihnachtsklaviermusik bist, bist du bei unseren &#8222;Feliz Navidad&#8220;-Noten genau richtig. Dieses St\u00fcck ist perfekt f\u00fcr fortgeschrittene Sch\u00fcler, die in der Weihnachtszeit ihr K\u00f6nnen unter Beweis stellen wollen. Die eing\u00e4ngige Melodie versetzt jeden in Weihnachtsstimmung und das rasante Tempo l\u00e4sst deine Finger \u00fcber die Tasten fliegen. Also entstaubt die Klavierb\u00e4nke und macht euch bereit, eure Familie und Freunde mit diesem lustigen und festlichen St\u00fcck zu beeindrucken.<\/p>\n<p>&nbsp;<\/p>\n<p>Tonart: G Dur<\/p>\n<p>Schwierigkeitsgrad: Mittel<\/p>\n<p>Anzahl Seiten: 1<\/p>\n","protected":false},"excerpt":{"rendered":"<p>Wenn du auf der Suche nach anspruchsvoller und festlicher Weihnachtsklaviermusik bist, bist du bei unseren &#8222;Feliz Navidad&#8220;-Noten genau richtig. Dieses St\u00fcck ist perfekt f\u00fcr fortgeschrittene Sch\u00fcler, die in der Weihnachtszeit ihr K\u00f6nnen unter Beweis stellen wollen. Die eing\u00e4ngige Melodie versetzt jeden in Weihnachtsstimmung und das rasante Tempo l\u00e4sst deine Finger \u00fcber die Tasten fliegen. Also [&hellip;]<\/p>\n","protected":false},"featured_media":2299,"comment_status":"closed","ping_status":"closed","template":"","meta":[],"product_brand":[],"product_cat":[218],"product_tag":[],"class_list":{"0":"post-2297","1":"product","2":"type-product","3":"status-publish","4":"has-post-thumbnail","6":"product_cat-weihnachtsnoten","7":"post","9":"first","10":"instock","11":"sale","12":"downloadable","13":"virtual","14":"purchasable","15":"product-type-simple"},"_links":{"self":[{"href":"https:\/\/fabianpetzold.com\/index.php?rest_route=\/wp\/v2\/product\/2297","targetHints":{"allow":["GET"]}}],"collection":[{"href":"https:\/\/fabianpetzold.com\/index.php?rest_route=\/wp\/v2\/product"}],"about":[{"href":"https:\/\/fabianpetzold.com\/index.php?rest_route=\/wp\/v2\/types\/product"}],"replies":[{"embeddable":true,"href":"https:\/\/fabianpetzold.com\/index.php?rest_route=%2Fwp%2Fv2%2Fcomments&post=2297"}],"version-history":[{"count":0,"href":"https:\/\/fabianpetzold.com\/index.php?rest_route=\/wp\/v2\/product\/2297\/revisions"}],"wp:featuredmedia":[{"embeddable":true,"href":"https:\/\/fabianpetzold.com\/index.php?rest_route=\/wp\/v2\/media\/2299"}],"wp:attachment":[{"href":"https:\/\/fabianpetzold.com\/index.php?rest_route=%2Fwp%2Fv2%2Fmedia&parent=2297"}],"wp:term":[{"taxonomy":"product_brand","embeddable":true,"href":"https:\/\/fabianpetzold.com\/index.php?rest_route=%2Fwp%2Fv2%2Fproduct_brand&post=2297"},{"taxonomy":"product_cat","embeddable":true,"href":"https:\/\/fabianpetzold.com\/index.php?rest_route=%2Fwp%2Fv2%2Fproduct_cat&post=2297"},{"taxonomy":"product_tag","embeddable":true,"href":"https:\/\/fabianpetzold.com\/index.php?rest_route=%2Fwp%2Fv2%2Fproduct_tag&post=2297"}],"curies":[{"name":"wp","href":"https:\/\/api.w.org\/{rel}","templated":true}]}}