{"id":889,"date":"2021-05-04T12:25:15","date_gmt":"2021-05-04T10:25:15","guid":{"rendered":"https:\/\/fabianpetzold.com\/?post_type=product&#038;p=889"},"modified":"2024-01-01T00:00:34","modified_gmt":"2023-12-31T22:00:34","slug":"klavierunterricht-abo","status":"publish","type":"product","link":"https:\/\/fabianpetzold.com\/?product=klavierunterricht-abo","title":{"rendered":"Klavierunterricht &#8211; Abo"},"content":{"rendered":"<p>Buche jetzt deinen\u00a0<strong>privaten Klavierunterricht<\/strong>\u00a0und optimiere deine F\u00e4higkeiten am Klavier.<\/p>\n<p>Mit dem Abo kannst du bequem in deinem gew\u00fcnschten Rhythmus den Unterricht nehmen. Du kannst dich jeden Monat neu entscheiden, wie viele Stunden du Unterricht haben m\u00f6chtest.<\/p>\n<p>Wenn du Fragen zum Unterricht hast, schreibe mir gerne eine <a href=\"mailto:mail@fabianpetzold.com\">e-Mail<\/a>.<\/p>\n<p>Du m\u00f6chtest den Unterricht zun\u00e4chst einmal ausprobieren? Dann versuch es zun\u00e4chst einmal mit einer <a href=\"https:\/\/fabianpetzold.com\/?p=873\">Probestunde<\/a>.<\/p>\n<p>Beim Abschluss des Klavierunterricht &#8211; Abos gelten folgende <strong>Vereinbarungen<\/strong>:<\/p>\n<ol>\n<li>Eine Stunde kann Online (via Zoom) oder vor Ort in M\u00fcnzenberg Gambach durchgef\u00fchrt werden.<\/li>\n<li>Ein gekauftes Abo kann nur von einer Person eingel\u00f6st werden und ist nicht \u00fcbertragbar.<\/li>\n<li><span style=\"font-size: 1rem;\">Vereinbarte Termine m\u00fcssen mindestens 24 Stunden vor Stundenbeginn abgesagt werden, sonst verf\u00e4llt die Stunde.\u00a0<\/span><\/li>\n<li>Die Stunden finden au\u00dferhalb der hessischen Schulferien statt.<\/li>\n<li>Der Beitrag versteht sich als 1\/12 eines Jahresbeitrages und ist \u00fcber das ganze Jahr hinweg zu verrichten.<\/li>\n<li>Es werden pro Jahr 18 Stunden bei 14 t\u00e4gigem Rhythmus und 36 Stunden beim w\u00f6chentlichen Rhythmus garantiert.<\/li>\n<li>Das Abo kann mit einer Frist von 3 Monaten jederzeit gek\u00fcndigt werden.<\/li>\n<li>F\u00fcr Online Klavierstunden wird eine stabile Internetverbindung empfohlen. \u00a0Wir bitten, diese vorher zu testen.<\/li>\n<\/ol>\n<p>&nbsp;<\/p>\n<p>F\u00fcr weitere Fragen, Scheibe mir gerne eine <a href=\"mailto:mail@fabianpetzold.com\">e-Mail<\/a>.<\/p>\n","protected":false},"excerpt":{"rendered":"<p>Du m\u00f6chtest Klavierspielen lernen, oder dein K\u00f6nnen erweitern? Dann bist du hier genau richtig. Melde dich jetzt zum Klavierunterricht Online via Zoom oder \u00a0als Pr\u00e4senzunterricht in M\u00fcnzenberg \u2013 Gambach an.<\/p>\n","protected":false},"featured_media":345,"comment_status":"open","ping_status":"closed","template":"","meta":[],"product_brand":[],"product_cat":[44,43],"product_tag":[302,301,300,303,304],"class_list":{"0":"post-889","1":"product","2":"type-product","3":"status-publish","4":"has-post-thumbnail","6":"product_cat-unterrichtsgutschein","7":"product_cat-klavierunterricht","8":"product_tag-butzbach","9":"product_tag-gambach","10":"product_tag-klavierunterricht","11":"product_tag-online","12":"product_tag-present","13":"post","15":"first","16":"instock","17":"shipping-taxable","18":"purchasable","19":"product-type-variable-subscription","20":"has-default-attributes"},"_links":{"self":[{"href":"https:\/\/fabianpetzold.com\/index.php?rest_route=\/wp\/v2\/product\/889","targetHints":{"allow":["GET"]}}],"collection":[{"href":"https:\/\/fabianpetzold.com\/index.php?rest_route=\/wp\/v2\/product"}],"about":[{"href":"https:\/\/fabianpetzold.com\/index.php?rest_route=\/wp\/v2\/types\/product"}],"replies":[{"embeddable":true,"href":"https:\/\/fabianpetzold.com\/index.php?rest_route=%2Fwp%2Fv2%2Fcomments&post=889"}],"version-history":[{"count":6,"href":"https:\/\/fabianpetzold.com\/index.php?rest_route=\/wp\/v2\/product\/889\/revisions"}],"predecessor-version":[{"id":3203,"href":"https:\/\/fabianpetzold.com\/index.php?rest_route=\/wp\/v2\/product\/889\/revisions\/3203"}],"wp:featuredmedia":[{"embeddable":true,"href":"https:\/\/fabianpetzold.com\/index.php?rest_route=\/wp\/v2\/media\/345"}],"wp:attachment":[{"href":"https:\/\/fabianpetzold.com\/index.php?rest_route=%2Fwp%2Fv2%2Fmedia&parent=889"}],"wp:term":[{"taxonomy":"product_brand","embeddable":true,"href":"https:\/\/fabianpetzold.com\/index.php?rest_route=%2Fwp%2Fv2%2Fproduct_brand&post=889"},{"taxonomy":"product_cat","embeddable":true,"href":"https:\/\/fabianpetzold.com\/index.php?rest_route=%2Fwp%2Fv2%2Fproduct_cat&post=889"},{"taxonomy":"product_tag","embeddable":true,"href":"https:\/\/fabianpetzold.com\/index.php?rest_route=%2Fwp%2Fv2%2Fproduct_tag&post=889"}],"curies":[{"name":"wp","href":"https:\/\/api.w.org\/{rel}","templated":true}]}}